{"id":5,"date":"2019-03-20T15:39:24","date_gmt":"2019-03-20T14:39:24","guid":{"rendered":"http:\/\/niveole.fr\/?page_id=5"},"modified":"2019-06-10T14:45:40","modified_gmt":"2019-06-10T12:45:40","slug":"businessplan","status":"publish","type":"page","link":"https:\/\/niveole.fr\/index.php\/businessplan\/","title":{"rendered":"De l&#8217;id\u00e9e au projet"},"content":{"rendered":"\t\t<div data-elementor-type=\"wp-post\" data-elementor-id=\"5\" class=\"elementor elementor-5\" data-elementor-settings=\"[]\">\n\t\t\t<div class=\"elementor-inner\">\n\t\t\t\t<div class=\"elementor-section-wrap\">\n\t\t\t\t\t\t\t<section class=\"elementor-element elementor-element-eacbb9c elementor-section-boxed elementor-section-height-default elementor-section-height-default elementor-section elementor-top-section\" data-id=\"eacbb9c\" data-element_type=\"section\" data-settings=\"{&quot;background_background&quot;:&quot;classic&quot;}\">\n\t\t\t\t\t\t<div class=\"elementor-container elementor-column-gap-default\">\n\t\t\t\t<div class=\"elementor-row\">\n\t\t\t\t<div class=\"elementor-element elementor-element-a5d2a90 elementor-column elementor-col-100 elementor-top-column\" data-id=\"a5d2a90\" data-element_type=\"column\">\n\t\t\t<div class=\"elementor-column-wrap  elementor-element-populated\">\n\t\t\t\t\t<div class=\"elementor-widget-wrap\">\n\t\t\t\t<div class=\"elementor-element elementor-element-49a56fa elementor-widget elementor-widget-heading\" data-id=\"49a56fa\" data-element_type=\"widget\" data-widget_type=\"heading.default\">\n\t\t\t\t<div class=\"elementor-widget-container\">\n\t\t\t<h2 class=\"elementor-heading-title elementor-size-default\">Un accompagnement personnalis\u00e9 pour votre business plan <\/h2>\t\t<\/div>\n\t\t\t\t<\/div>\n\t\t\t\t\t\t<\/div>\n\t\t\t<\/div>\n\t\t<\/div>\n\t\t\t\t\t\t<\/div>\n\t\t\t<\/div>\n\t\t<\/section>\n\t\t\t\t<section class=\"elementor-element elementor-element-a89608a elementor-section-boxed elementor-section-height-default elementor-section-height-default elementor-section elementor-top-section\" data-id=\"a89608a\" data-element_type=\"section\" data-settings=\"{&quot;background_background&quot;:&quot;classic&quot;}\">\n\t\t\t\t\t\t<div class=\"elementor-container elementor-column-gap-default\">\n\t\t\t\t<div class=\"elementor-row\">\n\t\t\t\t<div class=\"elementor-element elementor-element-f4e9ebd elementor-column elementor-col-100 elementor-top-column\" data-id=\"f4e9ebd\" data-element_type=\"column\">\n\t\t\t<div class=\"elementor-column-wrap  elementor-element-populated\">\n\t\t\t\t\t<div class=\"elementor-widget-wrap\">\n\t\t\t\t<div class=\"elementor-element elementor-element-233e63b animated-slow elementor-invisible elementor-widget elementor-widget-image\" data-id=\"233e63b\" data-element_type=\"widget\" data-settings=\"{&quot;_animation&quot;:&quot;fadeInRight&quot;,&quot;_animation_mobile&quot;:&quot;bounceInRight&quot;,&quot;_animation_delay&quot;:100}\" data-widget_type=\"image.default\">\n\t\t\t\t<div class=\"elementor-widget-container\">\n\t\t\t\t\t<div class=\"elementor-image\">\n\t\t\t\t\t\t\t\t\t\t<img width=\"750\" height=\"541\" src=\"https:\/\/niveole.fr\/wp-content\/uploads\/2019\/05\/photo_120551_20190507-offrecombinee-768x554.jpg\" class=\"attachment-medium_large size-medium_large\" alt=\"Niveole vous emm\u00e8ne en fus\u00e9e vers la concr\u00e9tisation de votre projet\" loading=\"lazy\" srcset=\"https:\/\/niveole.fr\/wp-content\/uploads\/2019\/05\/photo_120551_20190507-offrecombinee-768x554.jpg 768w, https:\/\/niveole.fr\/wp-content\/uploads\/2019\/05\/photo_120551_20190507-offrecombinee-300x217.jpg 300w, https:\/\/niveole.fr\/wp-content\/uploads\/2019\/05\/photo_120551_20190507-offrecombinee-1024x739.jpg 1024w, https:\/\/niveole.fr\/wp-content\/uploads\/2019\/05\/photo_120551_20190507-offrecombinee-e1558511622330.jpg 500w\" sizes=\"(max-width: 750px) 100vw, 750px\" \/>\t\t\t\t\t\t\t\t\t\t\t<\/div>\n\t\t\t\t<\/div>\n\t\t\t\t<\/div>\n\t\t\t\t<div class=\"elementor-element elementor-element-b02e401 elementor-drop-cap-yes elementor-drop-cap-view-default elementor-widget elementor-widget-text-editor\" data-id=\"b02e401\" data-element_type=\"widget\" data-settings=\"{&quot;drop_cap&quot;:&quot;yes&quot;}\" data-widget_type=\"text-editor.default\">\n\t\t\t\t<div class=\"elementor-widget-container\">\n\t\t\t\t\t<div class=\"elementor-text-editor elementor-clearfix\"><p>R\u00e9aliser une version aboutie peux n\u00e9cessiter plusieurs mois , de nombreux &#8220;aller-retours&#8221; des questionnements multiples, l&#8217;impression de faire du surplace &#8230; et parfois d&#8217;aller \u00e0 reculons.<\/p><p>Nous vous proposons ici un <span style=\"text-decoration: underline;\">cadre s\u00e9curisant comportant<\/span> :<\/p><ul><li>un <strong>logiciel de travail performant<\/strong> (<a href=\"https:\/\/www.thebusinessplanshop.com\/france\/accueil\">Business plan Shop<\/a>)<\/li><li><strong>un lieu de travail et de r\u00e9seautage<\/strong> (espace de co-Working <a href=\"https:\/\/panglosslabs.org\/espace-de-travail-partage-2\/?lang=fr\">PANGLOSS<\/a>) pour sortir de votre isolement<\/li><li>et surtout <strong>un accompagnement personnalis\u00e9<\/strong> pour vous aider \u00e0 structurer votre projet<\/li><\/ul><h2><strong>Notre objectif : vous offrir les meilleures chances de r\u00e9ussir votre business plan en 2 mois maximum.<\/strong><\/h2><\/div>\n\t\t\t\t<\/div>\n\t\t\t\t<\/div>\n\t\t\t\t<div class=\"elementor-element elementor-element-2ca649a elementor-align-right elementor-widget elementor-widget-button\" data-id=\"2ca649a\" data-element_type=\"widget\" data-widget_type=\"button.default\">\n\t\t\t\t<div class=\"elementor-widget-container\">\n\t\t\t\t\t<div class=\"elementor-button-wrapper\">\n\t\t\t<a href=\"http:\/\/niveole.fr\/wp-content\/uploads\/2019\/05\/BUSINESSPLAN-NIVEOLEgenerique_ficheproduit-1.pdf\" class=\"elementor-button-link elementor-button elementor-size-sm\" target=\"_blank\" role=\"button\">\n\t\t\t\t\t\t<span class=\"elementor-button-content-wrapper\">\n\t\t\t\t\t\t<span class=\"elementor-button-text\">Nos tarifs<\/span>\n\t\t<\/span>\n\t\t\t\t\t<\/a>\n\t\t<\/div>\n\t\t\t\t<\/div>\n\t\t\t\t<\/div>\n\t\t\t\t\t\t<\/div>\n\t\t\t<\/div>\n\t\t<\/div>\n\t\t\t\t\t\t<\/div>\n\t\t\t<\/div>\n\t\t<\/section>\n\t\t\t\t<section class=\"elementor-element elementor-element-f23ef47 elementor-section-boxed elementor-section-height-default elementor-section-height-default elementor-section elementor-top-section\" data-id=\"f23ef47\" data-element_type=\"section\" data-settings=\"{&quot;background_background&quot;:&quot;classic&quot;}\">\n\t\t\t\t\t\t<div class=\"elementor-container elementor-column-gap-default\">\n\t\t\t\t<div class=\"elementor-row\">\n\t\t\t\t<div class=\"elementor-element elementor-element-1d29caa elementor-column elementor-col-100 elementor-top-column\" data-id=\"1d29caa\" data-element_type=\"column\">\n\t\t\t<div class=\"elementor-column-wrap  elementor-element-populated\">\n\t\t\t\t\t<div class=\"elementor-widget-wrap\">\n\t\t\t\t<div class=\"elementor-element elementor-element-a8e8cfb elementor-widget elementor-widget-heading\" data-id=\"a8e8cfb\" data-element_type=\"widget\" data-widget_type=\"heading.default\">\n\t\t\t\t<div class=\"elementor-widget-container\">\n\t\t\t<h2 class=\"elementor-heading-title elementor-size-default\">Nos prestations sur-mesure<\/h2>\t\t<\/div>\n\t\t\t\t<\/div>\n\t\t\t\t<div class=\"elementor-element elementor-element-f193cd4 elementor-drop-cap-yes elementor-drop-cap-view-default elementor-widget elementor-widget-text-editor\" data-id=\"f193cd4\" data-element_type=\"widget\" data-settings=\"{&quot;drop_cap&quot;:&quot;yes&quot;}\" data-widget_type=\"text-editor.default\">\n\t\t\t\t<div class=\"elementor-widget-container\">\n\t\t\t\t\t<div class=\"elementor-text-editor elementor-clearfix\"><p>Vous vous sentez <strong>autonome dans la r\u00e9alisation de votre business plan<\/strong> mais vous souhaitez avoir <span style=\"text-decoration: underline;\">un appui technique sur un point pr\u00e9cis<\/span> de votre projet &#8230; Cette section est faite pour vous<strong><\/strong><\/p><\/div>\n\t\t\t\t<\/div>\n\t\t\t\t<\/div>\n\t\t\t\t<section class=\"elementor-element elementor-element-7c3bf2f elementor-section-boxed elementor-section-height-default elementor-section-height-default elementor-section elementor-inner-section\" data-id=\"7c3bf2f\" data-element_type=\"section\">\n\t\t\t\t\t\t<div class=\"elementor-container elementor-column-gap-default\">\n\t\t\t\t<div class=\"elementor-row\">\n\t\t\t\t<div class=\"elementor-element elementor-element-e3390b7 elementor-column elementor-col-50 elementor-inner-column\" data-id=\"e3390b7\" data-element_type=\"column\">\n\t\t\t<div class=\"elementor-column-wrap  elementor-element-populated\">\n\t\t\t\t\t<div class=\"elementor-widget-wrap\">\n\t\t\t\t<div class=\"elementor-element elementor-element-802edd9 elementor-widget elementor-widget-image\" data-id=\"802edd9\" data-element_type=\"widget\" data-widget_type=\"image.default\">\n\t\t\t\t<div class=\"elementor-widget-container\">\n\t\t\t\t\t<div class=\"elementor-image\">\n\t\t\t\t\t\t\t\t\t\t<img width=\"750\" height=\"768\" src=\"https:\/\/niveole.fr\/wp-content\/uploads\/2019\/05\/PRESTAFOCUS.png\" class=\"attachment-large size-large\" alt=\"\" loading=\"lazy\" srcset=\"https:\/\/niveole.fr\/wp-content\/uploads\/2019\/05\/PRESTAFOCUS.png 841w, https:\/\/niveole.fr\/wp-content\/uploads\/2019\/05\/PRESTAFOCUS-293x300.png 293w, https:\/\/niveole.fr\/wp-content\/uploads\/2019\/05\/PRESTAFOCUS-768x786.png 768w\" sizes=\"(max-width: 750px) 100vw, 750px\" \/>\t\t\t\t\t\t\t\t\t\t\t<\/div>\n\t\t\t\t<\/div>\n\t\t\t\t<\/div>\n\t\t\t\t\t\t<\/div>\n\t\t\t<\/div>\n\t\t<\/div>\n\t\t\t\t<div class=\"elementor-element elementor-element-f3d1885 elementor-column elementor-col-50 elementor-inner-column\" data-id=\"f3d1885\" data-element_type=\"column\">\n\t\t\t<div class=\"elementor-column-wrap  elementor-element-populated\">\n\t\t\t\t\t<div class=\"elementor-widget-wrap\">\n\t\t\t\t<div class=\"elementor-element elementor-element-a966bd0 elementor-widget elementor-widget-accordion\" data-id=\"a966bd0\" data-element_type=\"widget\" data-widget_type=\"accordion.default\">\n\t\t\t\t<div class=\"elementor-widget-container\">\n\t\t\t\t\t<div class=\"elementor-accordion\" role=\"tablist\">\n\t\t\t\t\t\t\t<div class=\"elementor-accordion-item\">\n\t\t\t\t\t<div id=\"elementor-tab-title-1771\" class=\"elementor-tab-title\" data-tab=\"1\" role=\"tab\" aria-controls=\"elementor-tab-content-1771\">\n\t\t\t\t\t\t\t\t\t\t\t\t\t<span class=\"elementor-accordion-icon elementor-accordion-icon-left\" aria-hidden=\"true\">\n\t\t\t\t\t\t\t\t\t\t\t\t\t\t\t<i class=\"elementor-accordion-icon-closed fa fa-plus\"><\/i>\n\t\t\t\t\t\t\t\t<i class=\"elementor-accordion-icon-opened fa fa-minus\"><\/i>\n\t\t\t\t\t\t\t\t\t\t\t\t\t\t<\/span>\n\t\t\t\t\t\t\t\t\t\t\t\t<a href=\"\">Workshop autour de la m\u00e9thodologie CANVAS<\/a>\n\t\t\t\t\t<\/div>\n\t\t\t\t\t<div id=\"elementor-tab-content-1771\" class=\"elementor-tab-content elementor-clearfix\" data-tab=\"1\" role=\"tabpanel\" aria-labelledby=\"elementor-tab-title-1771\"><p>pour vous aider a <span>structurer votre &#8220;business model&#8221;<\/span><\/p><\/div>\n\t\t\t\t<\/div>\n\t\t\t\t\t\t\t<div class=\"elementor-accordion-item\">\n\t\t\t\t\t<div id=\"elementor-tab-title-1772\" class=\"elementor-tab-title\" data-tab=\"2\" role=\"tab\" aria-controls=\"elementor-tab-content-1772\">\n\t\t\t\t\t\t\t\t\t\t\t\t\t<span class=\"elementor-accordion-icon elementor-accordion-icon-left\" aria-hidden=\"true\">\n\t\t\t\t\t\t\t\t\t\t\t\t\t\t\t<i class=\"elementor-accordion-icon-closed fa fa-plus\"><\/i>\n\t\t\t\t\t\t\t\t<i class=\"elementor-accordion-icon-opened fa fa-minus\"><\/i>\n\t\t\t\t\t\t\t\t\t\t\t\t\t\t<\/span>\n\t\t\t\t\t\t\t\t\t\t\t\t<a href=\"\">\u00c9tude de march\u00e9<\/a>\n\t\t\t\t\t<\/div>\n\t\t\t\t\t<div id=\"elementor-tab-content-1772\" class=\"elementor-tab-content elementor-clearfix\" data-tab=\"2\" role=\"tabpanel\" aria-labelledby=\"elementor-tab-title-1772\"><p>R\u00e9aliser un sondage, \u00e9tudier la concurrence, \u00e9tablir un prototype, d\u00e9finir votre client\u00e8le cible et tester votre id\u00e9e &#8230;Nous vous proposons un accompagnement personnalis\u00e9.<\/p><\/div>\n\t\t\t\t<\/div>\n\t\t\t\t\t\t\t<div class=\"elementor-accordion-item\">\n\t\t\t\t\t<div id=\"elementor-tab-title-1773\" class=\"elementor-tab-title\" data-tab=\"3\" role=\"tab\" aria-controls=\"elementor-tab-content-1773\">\n\t\t\t\t\t\t\t\t\t\t\t\t\t<span class=\"elementor-accordion-icon elementor-accordion-icon-left\" aria-hidden=\"true\">\n\t\t\t\t\t\t\t\t\t\t\t\t\t\t\t<i class=\"elementor-accordion-icon-closed fa fa-plus\"><\/i>\n\t\t\t\t\t\t\t\t<i class=\"elementor-accordion-icon-opened fa fa-minus\"><\/i>\n\t\t\t\t\t\t\t\t\t\t\t\t\t\t<\/span>\n\t\t\t\t\t\t\t\t\t\t\t\t<a href=\"\">\u00c9tablir votre pr\u00e9visionnel financier <\/a>\n\t\t\t\t\t<\/div>\n\t\t\t\t\t<div id=\"elementor-tab-content-1773\" class=\"elementor-tab-content elementor-clearfix\" data-tab=\"3\" role=\"tabpanel\" aria-labelledby=\"elementor-tab-title-1773\"><p>Nous nous concentrons sur <span>la faisabilit\u00e9 financi\u00e8re de votre projet<\/span> et r\u00e9alisons avec vous les documents financiers clefs :<\/p><ul><li>plan de financement<\/li><li>pr\u00e9visionnel de tr\u00e9sorerie<\/li><li>compte de r\u00e9sultats<\/li><\/ul><\/div>\n\t\t\t\t<\/div>\n\t\t\t\t\t<\/div>\n\t\t\t\t<\/div>\n\t\t\t\t<\/div>\n\t\t\t\t\t\t<\/div>\n\t\t\t<\/div>\n\t\t<\/div>\n\t\t\t\t\t\t<\/div>\n\t\t\t<\/div>\n\t\t<\/section>\n\t\t\t\t<div class=\"elementor-element elementor-element-ea9d212 elementor-align-right elementor-button-info elementor-widget elementor-widget-button\" data-id=\"ea9d212\" data-element_type=\"widget\" data-widget_type=\"button.default\">\n\t\t\t\t<div class=\"elementor-widget-container\">\n\t\t\t\t\t<div class=\"elementor-button-wrapper\">\n\t\t\t<a href=\"http:\/\/niveole.fr\/index.php\/contact\/\" class=\"elementor-button-link elementor-button elementor-size-sm\" target=\"_blank\" role=\"button\">\n\t\t\t\t\t\t<span class=\"elementor-button-content-wrapper\">\n\t\t\t\t\t\t<span class=\"elementor-button-text\">En savoir plus<\/span>\n\t\t<\/span>\n\t\t\t\t\t<\/a>\n\t\t<\/div>\n\t\t\t\t<\/div>\n\t\t\t\t<\/div>\n\t\t\t\t\t\t<\/div>\n\t\t\t<\/div>\n\t\t<\/div>\n\t\t\t\t\t\t<\/div>\n\t\t\t<\/div>\n\t\t<\/section>\n\t\t\t\t\t\t<\/div>\n\t\t\t<\/div>\n\t\t<\/div>\n\t\t","protected":false},"excerpt":{"rendered":"<p>Un accompagnement personnalis\u00e9 pour votre business plan R\u00e9aliser une version aboutie peux n\u00e9cessiter plusieurs mois , de nombreux &#8220;aller-retours&#8221; des questionnements multiples, l&#8217;impression de faire du surplace &#8230; et parfois d&#8217;aller \u00e0 reculons. Nous vous proposons ici un cadre s\u00e9curisant comportant : un logiciel de travail performant (Business plan Shop) [&hellip;]<\/p>\n","protected":false},"author":1,"featured_media":0,"parent":0,"menu_order":0,"comment_status":"closed","ping_status":"closed","template":"elementor_header_footer","meta":[],"_links":{"self":[{"href":"https:\/\/niveole.fr\/index.php\/wp-json\/wp\/v2\/pages\/5"}],"collection":[{"href":"https:\/\/niveole.fr\/index.php\/wp-json\/wp\/v2\/pages"}],"about":[{"href":"https:\/\/niveole.fr\/index.php\/wp-json\/wp\/v2\/types\/page"}],"author":[{"embeddable":true,"href":"https:\/\/niveole.fr\/index.php\/wp-json\/wp\/v2\/users\/1"}],"replies":[{"embeddable":true,"href":"https:\/\/niveole.fr\/index.php\/wp-json\/wp\/v2\/comments?post=5"}],"version-history":[{"count":58,"href":"https:\/\/niveole.fr\/index.php\/wp-json\/wp\/v2\/pages\/5\/revisions"}],"predecessor-version":[{"id":289,"href":"https:\/\/niveole.fr\/index.php\/wp-json\/wp\/v2\/pages\/5\/revisions\/289"}],"wp:attachment":[{"href":"https:\/\/niveole.fr\/index.php\/wp-json\/wp\/v2\/media?parent=5"}],"curies":[{"name":"wp","href":"https:\/\/api.w.org\/{rel}","templated":true}]}}