{"id":263,"date":"2019-06-05T15:27:31","date_gmt":"2019-06-05T13:27:31","guid":{"rendered":"http:\/\/niveole.fr\/?page_id=263"},"modified":"2019-06-10T14:56:52","modified_gmt":"2019-06-10T12:56:52","slug":"accompagnement-strategie-dentreprise","status":"publish","type":"page","link":"https:\/\/niveole.fr\/index.php\/accompagnement-strategie-dentreprise\/","title":{"rendered":"Accompagnement strat\u00e9gie d&#8217;entreprise"},"content":{"rendered":"\t\t<div data-elementor-type=\"wp-post\" data-elementor-id=\"263\" class=\"elementor elementor-263\" data-elementor-settings=\"[]\">\n\t\t\t<div class=\"elementor-inner\">\n\t\t\t\t<div class=\"elementor-section-wrap\">\n\t\t\t\t\t\t\t<section class=\"elementor-element elementor-element-0b92191 elementor-section-boxed elementor-section-height-default elementor-section-height-default elementor-section elementor-top-section\" data-id=\"0b92191\" data-element_type=\"section\">\n\t\t\t\t\t\t<div class=\"elementor-container elementor-column-gap-default\">\n\t\t\t\t<div class=\"elementor-row\">\n\t\t\t\t<div class=\"elementor-element elementor-element-2a5ec23 elementor-column elementor-col-100 elementor-top-column\" data-id=\"2a5ec23\" data-element_type=\"column\">\n\t\t\t<div class=\"elementor-column-wrap  elementor-element-populated\">\n\t\t\t\t\t<div class=\"elementor-widget-wrap\">\n\t\t\t\t<div class=\"elementor-element elementor-element-ce52dd7 elementor-widget elementor-widget-heading\" data-id=\"ce52dd7\" data-element_type=\"widget\" data-widget_type=\"heading.default\">\n\t\t\t\t<div class=\"elementor-widget-container\">\n\t\t\t<h2 class=\"elementor-heading-title elementor-size-default\">Accompagnement strat\u00e9gie d'entreprise \/ coaching dirigeant<\/h2>\t\t<\/div>\n\t\t\t\t<\/div>\n\t\t\t\t\t\t<\/div>\n\t\t\t<\/div>\n\t\t<\/div>\n\t\t\t\t\t\t<\/div>\n\t\t\t<\/div>\n\t\t<\/section>\n\t\t\t\t<section class=\"elementor-element elementor-element-fb27133 elementor-section-boxed elementor-section-height-default elementor-section-height-default elementor-section elementor-top-section\" data-id=\"fb27133\" data-element_type=\"section\">\n\t\t\t\t\t\t<div class=\"elementor-container elementor-column-gap-default\">\n\t\t\t\t<div class=\"elementor-row\">\n\t\t\t\t<div class=\"elementor-element elementor-element-6ebf024 elementor-column elementor-col-100 elementor-top-column\" data-id=\"6ebf024\" data-element_type=\"column\">\n\t\t\t<div class=\"elementor-column-wrap  elementor-element-populated\">\n\t\t\t\t\t<div class=\"elementor-widget-wrap\">\n\t\t\t\t<div class=\"elementor-element elementor-element-d1dedf6 elementor-widget elementor-widget-image\" data-id=\"d1dedf6\" data-element_type=\"widget\" data-widget_type=\"image.default\">\n\t\t\t\t<div class=\"elementor-widget-container\">\n\t\t\t\t\t<div class=\"elementor-image\">\n\t\t\t\t\t\t\t\t\t\t<img width=\"750\" height=\"424\" src=\"https:\/\/niveole.fr\/wp-content\/uploads\/2019\/06\/Ocean_Wingsuit_Formation_6366991403-768x434.jpg\" class=\"attachment-medium_large size-medium_large\" alt=\"Pilotage d&#039;entreprise : la finesse n\u00e9cessaire du wingsuit ?\" loading=\"lazy\" srcset=\"https:\/\/niveole.fr\/wp-content\/uploads\/2019\/06\/Ocean_Wingsuit_Formation_6366991403-768x434.jpg 768w, https:\/\/niveole.fr\/wp-content\/uploads\/2019\/06\/Ocean_Wingsuit_Formation_6366991403-300x169.jpg 300w, https:\/\/niveole.fr\/wp-content\/uploads\/2019\/06\/Ocean_Wingsuit_Formation_6366991403.jpg 1024w\" sizes=\"(max-width: 750px) 100vw, 750px\" \/>\t\t\t\t\t\t\t\t\t\t\t<\/div>\n\t\t\t\t<\/div>\n\t\t\t\t<\/div>\n\t\t\t\t<div class=\"elementor-element elementor-element-dd089f9 elementor-widget elementor-widget-text-editor\" data-id=\"dd089f9\" data-element_type=\"widget\" data-widget_type=\"text-editor.default\">\n\t\t\t\t<div class=\"elementor-widget-container\">\n\t\t\t\t\t<div class=\"elementor-text-editor elementor-clearfix\"><p>Lorsqu&#8217;on entreprend, on est souvent seul face \u00e0 ses choix , ses initiatives et leurs cons\u00e9quences potentielles. Il peut \u00eatre difficile de prendre du recul pour faire le meilleur choix.<\/p><p>Nous vous proposons <strong>une respiration dans votre quotidien<\/strong> pour reprendre de la hauteur.<br \/>Nous vous accompagnons <span style=\"text-decoration: underline;\">dans la d\u00e9finition de votre objectif principal et des leviers \u00e0 actionner pour l\u2019atteindre\u2026<\/span> (Campagne de communication, d\u00e9veloppement de nouveaux produits, lev\u00e9e de fonds, changement de statuts\u2026)<\/p><\/div>\n\t\t\t\t<\/div>\n\t\t\t\t<\/div>\n\t\t\t\t<div class=\"elementor-element elementor-element-14d735f elementor-align-right elementor-widget elementor-widget-button\" data-id=\"14d735f\" data-element_type=\"widget\" data-widget_type=\"button.default\">\n\t\t\t\t<div class=\"elementor-widget-container\">\n\t\t\t\t\t<div class=\"elementor-button-wrapper\">\n\t\t\t<a href=\"https:\/\/niveole.fr\/wp-content\/uploads\/2019\/06\/DSO_ficheproduit.pdf\" class=\"elementor-button-link elementor-button elementor-size-sm\" target=\"_blank\" role=\"button\">\n\t\t\t\t\t\t<span class=\"elementor-button-content-wrapper\">\n\t\t\t\t\t\t<span class=\"elementor-button-text\">En savoir plus<\/span>\n\t\t<\/span>\n\t\t\t\t\t<\/a>\n\t\t<\/div>\n\t\t\t\t<\/div>\n\t\t\t\t<\/div>\n\t\t\t\t\t\t<\/div>\n\t\t\t<\/div>\n\t\t<\/div>\n\t\t\t\t\t\t<\/div>\n\t\t\t<\/div>\n\t\t<\/section>\n\t\t\t\t<section class=\"elementor-element elementor-element-7005def elementor-section-boxed elementor-section-height-default elementor-section-height-default elementor-section elementor-top-section\" data-id=\"7005def\" data-element_type=\"section\">\n\t\t\t\t\t\t<div class=\"elementor-container elementor-column-gap-default\">\n\t\t\t\t<div class=\"elementor-row\">\n\t\t\t\t<div class=\"elementor-element elementor-element-619521e elementor-column elementor-col-100 elementor-top-column\" data-id=\"619521e\" data-element_type=\"column\">\n\t\t\t<div class=\"elementor-column-wrap  elementor-element-populated\">\n\t\t\t\t\t<div class=\"elementor-widget-wrap\">\n\t\t\t\t<div class=\"elementor-element elementor-element-27fc22f elementor-widget elementor-widget-heading\" data-id=\"27fc22f\" data-element_type=\"widget\" data-widget_type=\"heading.default\">\n\t\t\t\t<div class=\"elementor-widget-container\">\n\t\t\t<h2 class=\"elementor-heading-title elementor-size-default\">Pilotage d'entreprise , gestion de tr\u00e9sorerie et tableaux de bord<\/h2>\t\t<\/div>\n\t\t\t\t<\/div>\n\t\t\t\t<div class=\"elementor-element elementor-element-d08d56d elementor-widget elementor-widget-image\" data-id=\"d08d56d\" data-element_type=\"widget\" data-widget_type=\"image.default\">\n\t\t\t\t<div class=\"elementor-widget-container\">\n\t\t\t\t\t<div class=\"elementor-image\">\n\t\t\t\t\t\t\t\t\t\t<img width=\"750\" height=\"463\" src=\"https:\/\/niveole.fr\/wp-content\/uploads\/2019\/06\/Six_flight_instruments-1024x632.jpg\" class=\"attachment-large size-large\" alt=\"Instrument de pilotage\" loading=\"lazy\" srcset=\"https:\/\/niveole.fr\/wp-content\/uploads\/2019\/06\/Six_flight_instruments-1024x632.jpg 1024w, https:\/\/niveole.fr\/wp-content\/uploads\/2019\/06\/Six_flight_instruments-300x185.jpg 300w, https:\/\/niveole.fr\/wp-content\/uploads\/2019\/06\/Six_flight_instruments-768x474.jpg 768w, https:\/\/niveole.fr\/wp-content\/uploads\/2019\/06\/Six_flight_instruments.jpg 1503w\" sizes=\"(max-width: 750px) 100vw, 750px\" \/>\t\t\t\t\t\t\t\t\t\t\t<\/div>\n\t\t\t\t<\/div>\n\t\t\t\t<\/div>\n\t\t\t\t<div class=\"elementor-element elementor-element-3e8a5bc elementor-widget elementor-widget-text-editor\" data-id=\"3e8a5bc\" data-element_type=\"widget\" data-widget_type=\"text-editor.default\">\n\t\t\t\t<div class=\"elementor-widget-container\">\n\t\t\t\t\t<div class=\"elementor-text-editor elementor-clearfix\"><p>Attendre son bilan pour conna\u00eetre son chiffre d&#8217;affaires, ses marges ne permet pas de piloter une entreprise. Nous vous accompagnons dans la mise en place de\u00a0 solution de pilotage d&#8217;objectifs et de tr\u00e9sorerie pour vous permettre de prendre des d\u00e9cisions en temps r\u00e9el. Cette intervention se fait en compl\u00e9mentarit\u00e9 du travail r\u00e9alis\u00e9 par l&#8217;expert-comptable et ne remplace pas le travail d&#8217;analyse du bilan. <\/p><\/div>\n\t\t\t\t<\/div>\n\t\t\t\t<\/div>\n\t\t\t\t<div class=\"elementor-element elementor-element-d2dfff5 elementor-align-right elementor-widget elementor-widget-button\" data-id=\"d2dfff5\" data-element_type=\"widget\" data-widget_type=\"button.default\">\n\t\t\t\t<div class=\"elementor-widget-container\">\n\t\t\t\t\t<div class=\"elementor-button-wrapper\">\n\t\t\t<a href=\"http:\/\/niveole.fr\/index.php\/contact\/\" class=\"elementor-button-link elementor-button elementor-size-sm\" target=\"_blank\" role=\"button\">\n\t\t\t\t\t\t<span class=\"elementor-button-content-wrapper\">\n\t\t\t\t\t\t<span class=\"elementor-button-text\">Prendre contact<\/span>\n\t\t<\/span>\n\t\t\t\t\t<\/a>\n\t\t<\/div>\n\t\t\t\t<\/div>\n\t\t\t\t<\/div>\n\t\t\t\t\t\t<\/div>\n\t\t\t<\/div>\n\t\t<\/div>\n\t\t\t\t\t\t<\/div>\n\t\t\t<\/div>\n\t\t<\/section>\n\t\t\t\t\t\t<\/div>\n\t\t\t<\/div>\n\t\t<\/div>\n\t\t","protected":false},"excerpt":{"rendered":"<p>Accompagnement strat\u00e9gie d&#8217;entreprise \/ coaching dirigeant Lorsqu&#8217;on entreprend, on est souvent seul face \u00e0 ses choix , ses initiatives et leurs cons\u00e9quences potentielles. Il peut \u00eatre difficile de prendre du recul pour faire le meilleur choix. Nous vous proposons une respiration dans votre quotidien pour reprendre de la hauteur.Nous vous [&hellip;]<\/p>\n","protected":false},"author":1,"featured_media":0,"parent":0,"menu_order":0,"comment_status":"closed","ping_status":"closed","template":"page-templates\/template-pagebuilder-full-width.php","meta":[],"_links":{"self":[{"href":"https:\/\/niveole.fr\/index.php\/wp-json\/wp\/v2\/pages\/263"}],"collection":[{"href":"https:\/\/niveole.fr\/index.php\/wp-json\/wp\/v2\/pages"}],"about":[{"href":"https:\/\/niveole.fr\/index.php\/wp-json\/wp\/v2\/types\/page"}],"author":[{"embeddable":true,"href":"https:\/\/niveole.fr\/index.php\/wp-json\/wp\/v2\/users\/1"}],"replies":[{"embeddable":true,"href":"https:\/\/niveole.fr\/index.php\/wp-json\/wp\/v2\/comments?post=263"}],"version-history":[{"count":8,"href":"https:\/\/niveole.fr\/index.php\/wp-json\/wp\/v2\/pages\/263\/revisions"}],"predecessor-version":[{"id":294,"href":"https:\/\/niveole.fr\/index.php\/wp-json\/wp\/v2\/pages\/263\/revisions\/294"}],"wp:attachment":[{"href":"https:\/\/niveole.fr\/index.php\/wp-json\/wp\/v2\/media?parent=263"}],"curies":[{"name":"wp","href":"https:\/\/api.w.org\/{rel}","templated":true}]}}