{"id":160,"date":"2019-03-29T12:05:10","date_gmt":"2019-03-29T11:05:10","guid":{"rendered":"http:\/\/niveole.fr\/?page_id=160"},"modified":"2019-06-10T14:49:36","modified_gmt":"2019-06-10T12:49:36","slug":"financer-son-projet","status":"publish","type":"page","link":"https:\/\/niveole.fr\/index.php\/financer-son-projet\/","title":{"rendered":"Financer son projet"},"content":{"rendered":"\t\t<div data-elementor-type=\"wp-post\" data-elementor-id=\"160\" class=\"elementor elementor-160\" data-elementor-settings=\"[]\">\n\t\t\t<div class=\"elementor-inner\">\n\t\t\t\t<div class=\"elementor-section-wrap\">\n\t\t\t\t\t\t\t<section class=\"elementor-element elementor-element-3e74226 elementor-section-boxed elementor-section-height-default elementor-section-height-default elementor-section elementor-top-section\" data-id=\"3e74226\" data-element_type=\"section\">\n\t\t\t\t\t\t<div class=\"elementor-container elementor-column-gap-default\">\n\t\t\t\t<div class=\"elementor-row\">\n\t\t\t\t<div class=\"elementor-element elementor-element-7491297 elementor-column elementor-col-100 elementor-top-column\" data-id=\"7491297\" data-element_type=\"column\">\n\t\t\t<div class=\"elementor-column-wrap  elementor-element-populated\">\n\t\t\t\t\t<div class=\"elementor-widget-wrap\">\n\t\t\t\t<div class=\"elementor-element elementor-element-763f8a0 elementor-widget elementor-widget-heading\" data-id=\"763f8a0\" data-element_type=\"widget\" data-widget_type=\"heading.default\">\n\t\t\t\t<div class=\"elementor-widget-container\">\n\t\t\t<h2 class=\"elementor-heading-title elementor-size-default\">Expertise financement<\/h2>\t\t<\/div>\n\t\t\t\t<\/div>\n\t\t\t\t<div class=\"elementor-element elementor-element-b1d634b animated-slow elementor-invisible elementor-widget elementor-widget-image\" data-id=\"b1d634b\" data-element_type=\"widget\" data-settings=\"{&quot;_animation&quot;:&quot;bounceInLeft&quot;}\" data-widget_type=\"image.default\">\n\t\t\t\t<div class=\"elementor-widget-container\">\n\t\t\t\t\t<div class=\"elementor-image\">\n\t\t\t\t\t\t\t\t\t\t<img width=\"750\" height=\"467\" src=\"https:\/\/niveole.fr\/wp-content\/uploads\/2019\/03\/bf0677c66e6002f5bc1a4607432f-1444691.jpgd_-768x478.jpg\" class=\"attachment-medium_large size-medium_large\" alt=\"Expert financement\" loading=\"lazy\" srcset=\"https:\/\/niveole.fr\/wp-content\/uploads\/2019\/03\/bf0677c66e6002f5bc1a4607432f-1444691.jpgd_-768x478.jpg 768w, https:\/\/niveole.fr\/wp-content\/uploads\/2019\/03\/bf0677c66e6002f5bc1a4607432f-1444691.jpgd_-300x187.jpg 300w, https:\/\/niveole.fr\/wp-content\/uploads\/2019\/03\/bf0677c66e6002f5bc1a4607432f-1444691.jpgd_-1024x637.jpg 1024w, https:\/\/niveole.fr\/wp-content\/uploads\/2019\/03\/bf0677c66e6002f5bc1a4607432f-1444691.jpgd_.jpg 1200w\" sizes=\"(max-width: 750px) 100vw, 750px\" \/>\t\t\t\t\t\t\t\t\t\t\t<\/div>\n\t\t\t\t<\/div>\n\t\t\t\t<\/div>\n\t\t\t\t<div class=\"elementor-element elementor-element-415ff98 elementor-widget elementor-widget-text-editor\" data-id=\"415ff98\" data-element_type=\"widget\" data-widget_type=\"text-editor.default\">\n\t\t\t\t<div class=\"elementor-widget-container\">\n\t\t\t\t\t<div class=\"elementor-text-editor elementor-clearfix\"><p>Nous vous proposons un <strong>diagnostic de votre projet de lev\u00e9e de fonds<\/strong> :<\/p><ul><li>Le plan de financement vous permettra-t-il d&#8217;atteindre vos objectifs pr\u00e9visionnels ?<\/li><li>les grands \u00e9quilibres sont ils respect\u00e9s ? (part de la banque , de votre apport&#8230;)<\/li><li>Quelles ressources pourriez vous mobiliser en plus ?<\/li><li>Avez vous d\u00e9j\u00e0 r\u00e9fl\u00e9chi \u00e0 la lev\u00e9e de fonds suivante ?<\/li><\/ul><\/div>\n\t\t\t\t<\/div>\n\t\t\t\t<\/div>\n\t\t\t\t<div class=\"elementor-element elementor-element-85fcef1 elementor-button-warning elementor-align-right elementor-widget elementor-widget-button\" data-id=\"85fcef1\" data-element_type=\"widget\" data-widget_type=\"button.default\">\n\t\t\t\t<div class=\"elementor-widget-container\">\n\t\t\t\t\t<div class=\"elementor-button-wrapper\">\n\t\t\t<a href=\"http:\/\/niveole.fr\/index.php\/contact\/\" class=\"elementor-button-link elementor-button elementor-size-sm\" target=\"_blank\" role=\"button\">\n\t\t\t\t\t\t<span class=\"elementor-button-content-wrapper\">\n\t\t\t\t\t\t<span class=\"elementor-button-text\">Prendre contact<\/span>\n\t\t<\/span>\n\t\t\t\t\t<\/a>\n\t\t<\/div>\n\t\t\t\t<\/div>\n\t\t\t\t<\/div>\n\t\t\t\t\t\t<\/div>\n\t\t\t<\/div>\n\t\t<\/div>\n\t\t\t\t\t\t<\/div>\n\t\t\t<\/div>\n\t\t<\/section>\n\t\t\t\t<section class=\"elementor-element elementor-element-67194d1 elementor-section-boxed elementor-section-height-default elementor-section-height-default elementor-section elementor-top-section\" data-id=\"67194d1\" data-element_type=\"section\">\n\t\t\t\t\t\t<div class=\"elementor-container elementor-column-gap-default\">\n\t\t\t\t<div class=\"elementor-row\">\n\t\t\t\t<div class=\"elementor-element elementor-element-34827b7 elementor-column elementor-col-100 elementor-top-column\" data-id=\"34827b7\" data-element_type=\"column\">\n\t\t\t<div class=\"elementor-column-wrap  elementor-element-populated\">\n\t\t\t\t\t<div class=\"elementor-widget-wrap\">\n\t\t\t\t<div class=\"elementor-element elementor-element-8afec95 elementor-widget elementor-widget-heading\" data-id=\"8afec95\" data-element_type=\"widget\" data-widget_type=\"heading.default\">\n\t\t\t\t<div class=\"elementor-widget-container\">\n\t\t\t<h2 class=\"elementor-heading-title elementor-size-default\">Pitcher votre projet - soyez convaincant !<\/h2>\t\t<\/div>\n\t\t\t\t<\/div>\n\t\t\t\t<div class=\"elementor-element elementor-element-ca9dacd animated-slow elementor-invisible elementor-widget elementor-widget-image\" data-id=\"ca9dacd\" data-element_type=\"widget\" data-settings=\"{&quot;_animation&quot;:&quot;bounceInRight&quot;}\" data-widget_type=\"image.default\">\n\t\t\t\t<div class=\"elementor-widget-container\">\n\t\t\t\t\t<div class=\"elementor-image\">\n\t\t\t\t\t\t\t\t\t\t<img width=\"300\" height=\"200\" src=\"https:\/\/niveole.fr\/wp-content\/uploads\/2019\/06\/photo_61138_20160201-300x200.jpg\" class=\"attachment-medium size-medium\" alt=\"Pitchez le temps d&#039;une mont\u00e9e en ascenseur\" loading=\"lazy\" srcset=\"https:\/\/niveole.fr\/wp-content\/uploads\/2019\/06\/photo_61138_20160201-300x200.jpg 300w, https:\/\/niveole.fr\/wp-content\/uploads\/2019\/06\/photo_61138_20160201-768x513.jpg 768w, https:\/\/niveole.fr\/wp-content\/uploads\/2019\/06\/photo_61138_20160201-1024x683.jpg 1024w, https:\/\/niveole.fr\/wp-content\/uploads\/2019\/06\/photo_61138_20160201-360x240.jpg 360w\" sizes=\"(max-width: 300px) 100vw, 300px\" \/>\t\t\t\t\t\t\t\t\t\t\t<\/div>\n\t\t\t\t<\/div>\n\t\t\t\t<\/div>\n\t\t\t\t<div class=\"elementor-element elementor-element-6b6a293 elementor-widget elementor-widget-text-editor\" data-id=\"6b6a293\" data-element_type=\"widget\" data-widget_type=\"text-editor.default\">\n\t\t\t\t<div class=\"elementor-widget-container\">\n\t\t\t\t\t<div class=\"elementor-text-editor elementor-clearfix\"><p>On n\u2019a qu\u2019une fois la possibilit\u00e9 de faire une bonne premi\u00e8re impression \u2026<\/p><p>Le pitch \u00ab elevator \u00bb : capacit\u00e9 \u00e0 convaincre le temps d\u2019un voyage en ascenseur ! Dans le domaine du financement et de la lev\u00e9e de fonds cet exercice est devenu primordial. Souvent sur des temps plus long (entretien) il arrive cependant d\u2019\u00eatre soumis \u00e0 ce temps tr\u00e8s court pour des enjeux tr\u00e8s forts (investisseurs)<\/p><p>Le pitch se d\u00e9compose en trois points :<\/p><ul><li><strong>La forme (gestuelle, para verbal, relationnel\u2026)<\/strong><\/li><li><strong>Le fonds<\/strong><\/li><li><strong>La structuration<\/strong><\/li><\/ul><\/div>\n\t\t\t\t<\/div>\n\t\t\t\t<\/div>\n\t\t\t\t<div class=\"elementor-element elementor-element-0ce8539 elementor-button-warning elementor-align-right elementor-widget elementor-widget-button\" data-id=\"0ce8539\" data-element_type=\"widget\" data-widget_type=\"button.default\">\n\t\t\t\t<div class=\"elementor-widget-container\">\n\t\t\t\t\t<div class=\"elementor-button-wrapper\">\n\t\t\t<a href=\"https:\/\/niveole.fr\/wp-content\/uploads\/2019\/03\/PITCH-NIVEOLE_ficheproduit.pdf\" class=\"elementor-button-link elementor-button elementor-size-sm\" target=\"_blank\" role=\"button\">\n\t\t\t\t\t\t<span class=\"elementor-button-content-wrapper\">\n\t\t\t\t\t\t<span class=\"elementor-button-text\">En savoir plus<\/span>\n\t\t<\/span>\n\t\t\t\t\t<\/a>\n\t\t<\/div>\n\t\t\t\t<\/div>\n\t\t\t\t<\/div>\n\t\t\t\t\t\t<\/div>\n\t\t\t<\/div>\n\t\t<\/div>\n\t\t\t\t\t\t<\/div>\n\t\t\t<\/div>\n\t\t<\/section>\n\t\t\t\t<section class=\"elementor-element elementor-element-3c2edac elementor-section-boxed elementor-section-height-default elementor-section-height-default elementor-section elementor-top-section\" data-id=\"3c2edac\" data-element_type=\"section\">\n\t\t\t\t\t\t<div class=\"elementor-container elementor-column-gap-default\">\n\t\t\t\t<div class=\"elementor-row\">\n\t\t\t\t<div class=\"elementor-element elementor-element-6138d07 elementor-column elementor-col-100 elementor-top-column\" data-id=\"6138d07\" data-element_type=\"column\">\n\t\t\t<div class=\"elementor-column-wrap  elementor-element-populated\">\n\t\t\t\t\t<div class=\"elementor-widget-wrap\">\n\t\t\t\t<div class=\"elementor-element elementor-element-2cad3bd elementor-widget elementor-widget-heading\" data-id=\"2cad3bd\" data-element_type=\"widget\" data-widget_type=\"heading.default\">\n\t\t\t\t<div class=\"elementor-widget-container\">\n\t\t\t<h2 class=\"elementor-heading-title elementor-size-default\">Le financement participatif crowdfunding <\/h2>\t\t<\/div>\n\t\t\t\t<\/div>\n\t\t\t\t<div class=\"elementor-element elementor-element-6599e81 elementor-widget elementor-widget-text-editor\" data-id=\"6599e81\" data-element_type=\"widget\" data-widget_type=\"text-editor.default\">\n\t\t\t\t<div class=\"elementor-widget-container\">\n\t\t\t\t\t<div class=\"elementor-text-editor elementor-clearfix\"><p>Le financement participatif qu&#8217;il se fasse en crowdfunding, crowdlending ou crowdequity est une mani\u00e8re tr\u00e8s int\u00e9ressante de lever de fonds. Souvent compl\u00e9mentaire aux autres leviers il permet de mettre en place une communication forte autour du projet. Pour vous accompagner au mieux dans ces projet nous nous sommes associ\u00e9s \u00e0 <a href=\"https:\/\/sland.company\/\" target=\"_blank\" rel=\"noopener\">Camille Traor\u00e9, fondateur de SLAND<\/a> pour vous proposer le meilleur produit d&#8217;accompagnement !<\/p><\/div>\n\t\t\t\t<\/div>\n\t\t\t\t<\/div>\n\t\t\t\t<div class=\"elementor-element elementor-element-175edee elementor-invisible elementor-widget elementor-widget-image\" data-id=\"175edee\" data-element_type=\"widget\" data-settings=\"{&quot;_animation&quot;:&quot;bounceInLeft&quot;}\" data-widget_type=\"image.default\">\n\t\t\t\t<div class=\"elementor-widget-container\">\n\t\t\t\t\t<div class=\"elementor-image\">\n\t\t\t\t\t\t\t\t\t\t<img width=\"410\" height=\"1024\" src=\"https:\/\/niveole.fr\/wp-content\/uploads\/2019\/06\/CROWDFUNDING-1-410x1024.png\" class=\"attachment-large size-large\" alt=\"\" loading=\"lazy\" srcset=\"https:\/\/niveole.fr\/wp-content\/uploads\/2019\/06\/CROWDFUNDING-1-410x1024.png 410w, https:\/\/niveole.fr\/wp-content\/uploads\/2019\/06\/CROWDFUNDING-1-120x300.png 120w, https:\/\/niveole.fr\/wp-content\/uploads\/2019\/06\/CROWDFUNDING-1-768x1920.png 768w, https:\/\/niveole.fr\/wp-content\/uploads\/2019\/06\/CROWDFUNDING-1.png 800w\" sizes=\"(max-width: 410px) 100vw, 410px\" \/>\t\t\t\t\t\t\t\t\t\t\t<\/div>\n\t\t\t\t<\/div>\n\t\t\t\t<\/div>\n\t\t\t\t<div class=\"elementor-element elementor-element-d9fa1c8 elementor-align-right elementor-button-success elementor-widget elementor-widget-button\" data-id=\"d9fa1c8\" data-element_type=\"widget\" data-widget_type=\"button.default\">\n\t\t\t\t<div class=\"elementor-widget-container\">\n\t\t\t\t\t<div class=\"elementor-button-wrapper\">\n\t\t\t<a href=\"http:\/\/niveole.fr\/index.php\/contact\/\" class=\"elementor-button-link elementor-button elementor-size-sm\" target=\"_blank\" role=\"button\">\n\t\t\t\t\t\t<span class=\"elementor-button-content-wrapper\">\n\t\t\t\t\t\t<span class=\"elementor-button-text\">Prendre contact<\/span>\n\t\t<\/span>\n\t\t\t\t\t<\/a>\n\t\t<\/div>\n\t\t\t\t<\/div>\n\t\t\t\t<\/div>\n\t\t\t\t\t\t<\/div>\n\t\t\t<\/div>\n\t\t<\/div>\n\t\t\t\t\t\t<\/div>\n\t\t\t<\/div>\n\t\t<\/section>\n\t\t\t\t\t\t<\/div>\n\t\t\t<\/div>\n\t\t<\/div>\n\t\t","protected":false},"excerpt":{"rendered":"<p>Expertise financement Nous vous proposons un diagnostic de votre projet de lev\u00e9e de fonds : Le plan de financement vous permettra-t-il d&#8217;atteindre vos objectifs pr\u00e9visionnels ? les grands \u00e9quilibres sont ils respect\u00e9s ? (part de la banque , de votre apport&#8230;) Quelles ressources pourriez vous mobiliser en plus ? Avez [&hellip;]<\/p>\n","protected":false},"author":1,"featured_media":0,"parent":0,"menu_order":0,"comment_status":"closed","ping_status":"closed","template":"page-templates\/template-pagebuilder-full-width.php","meta":[],"_links":{"self":[{"href":"https:\/\/niveole.fr\/index.php\/wp-json\/wp\/v2\/pages\/160"}],"collection":[{"href":"https:\/\/niveole.fr\/index.php\/wp-json\/wp\/v2\/pages"}],"about":[{"href":"https:\/\/niveole.fr\/index.php\/wp-json\/wp\/v2\/types\/page"}],"author":[{"embeddable":true,"href":"https:\/\/niveole.fr\/index.php\/wp-json\/wp\/v2\/users\/1"}],"replies":[{"embeddable":true,"href":"https:\/\/niveole.fr\/index.php\/wp-json\/wp\/v2\/comments?post=160"}],"version-history":[{"count":38,"href":"https:\/\/niveole.fr\/index.php\/wp-json\/wp\/v2\/pages\/160\/revisions"}],"predecessor-version":[{"id":292,"href":"https:\/\/niveole.fr\/index.php\/wp-json\/wp\/v2\/pages\/160\/revisions\/292"}],"wp:attachment":[{"href":"https:\/\/niveole.fr\/index.php\/wp-json\/wp\/v2\/media?parent=160"}],"curies":[{"name":"wp","href":"https:\/\/api.w.org\/{rel}","templated":true}]}}